{"id":2590,"date":"2016-09-01T10:52:44","date_gmt":"2016-09-01T10:52:44","guid":{"rendered":"http:\/\/demo.goodlayers.com\/realfactory\/?page_id=2590"},"modified":"2026-03-22T17:54:22","modified_gmt":"2026-03-22T17:54:22","slug":"portfolio-2","status":"publish","type":"page","link":"https:\/\/coferacdois.com\/index.php\/portfolio-2\/","title":{"rendered":"Portf\u00f3lio"},"content":{"rendered":"\n<p class=\"has-black-color has-text-color\"><strong>PROJETO \/ DESENVOLVIMENTO DE EQUIPAMENTOS<\/strong><\/p>\n\n\n\nngg_shortcode_0_placeholder\n\n\n\n<p class=\"has-black-color has-text-color\"><strong>MEIOS DE CONTROLO<\/strong><\/p>\n\n\n\nngg_shortcode_1_placeholder\n\n\n\n<p class=\"has-black-color has-text-color\"><strong>COMPONENTES MOLDES<\/strong><\/p>\n\n\n\nngg_shortcode_2_placeholder\n\n\n\n<p><strong>PE\u00c7AS EM INOX<\/strong><\/p>\n\n\n\nngg_shortcode_3_placeholder\n\n\n\n<p><strong>PE\u00c7AS EM AMPCO<\/strong><\/p>\n\n\n\nngg_shortcode_4_placeholder\n\n\n\n<p><strong>PE\u00c7AS EM ALUM\u00cdNIO<\/strong><\/p>\n\n\n\nngg_shortcode_5_placeholder\n\n\n\n<p><strong>S\u00c9RIES<\/strong><\/p>\n\n\n\nngg_shortcode_6_placeholder\n\n\n\n<p><strong>GRAVA\u00c7\u00c3O A LASER<\/strong><\/p>\n\n\n\nngg_shortcode_7_placeholder\n\n\n\n<p><\/p>\n","protected":false},"excerpt":{"rendered":"<p>PROJETO \/ DESENVOLVIMENTO DE EQUIPAMENTOS MEIOS DE CONTROLO COMPONENTES MOLDES PE\u00c7AS EM INOX PE\u00c7AS EM AMPCO PE\u00c7AS EM ALUM\u00cdNIO S\u00c9RIES GRAVA\u00c7\u00c3O A LASER<\/p>\n","protected":false},"author":1,"featured_media":0,"parent":0,"menu_order":0,"comment_status":"closed","ping_status":"closed","template":"","meta":{"ngg_post_thumbnail":0,"footnotes":""},"class_list":["post-2590","page","type-page","status-publish","hentry"],"_links":{"self":[{"href":"https:\/\/coferacdois.com\/index.php\/wp-json\/wp\/v2\/pages\/2590","targetHints":{"allow":["GET"]}}],"collection":[{"href":"https:\/\/coferacdois.com\/index.php\/wp-json\/wp\/v2\/pages"}],"about":[{"href":"https:\/\/coferacdois.com\/index.php\/wp-json\/wp\/v2\/types\/page"}],"author":[{"embeddable":true,"href":"https:\/\/coferacdois.com\/index.php\/wp-json\/wp\/v2\/users\/1"}],"replies":[{"embeddable":true,"href":"https:\/\/coferacdois.com\/index.php\/wp-json\/wp\/v2\/comments?post=2590"}],"version-history":[{"count":5,"href":"https:\/\/coferacdois.com\/index.php\/wp-json\/wp\/v2\/pages\/2590\/revisions"}],"predecessor-version":[{"id":5371,"href":"https:\/\/coferacdois.com\/index.php\/wp-json\/wp\/v2\/pages\/2590\/revisions\/5371"}],"wp:attachment":[{"href":"https:\/\/coferacdois.com\/index.php\/wp-json\/wp\/v2\/media?parent=2590"}],"curies":[{"name":"wp","href":"https:\/\/api.w.org\/{rel}","templated":true}]}}